{"id":440,"date":"2023-03-02T11:21:56","date_gmt":"2023-03-02T10:21:56","guid":{"rendered":"https:\/\/www.domekporeba.pl\/?page_id=440"},"modified":"2023-03-06T10:53:05","modified_gmt":"2023-03-06T09:53:05","slug":"regulamin","status":"publish","type":"page","link":"https:\/\/www.domekporeba.pl\/index.php\/regulamin\/","title":{"rendered":"Regulamin"},"content":{"rendered":"\t\t<div data-elementor-type=\"wp-page\" data-elementor-id=\"440\" class=\"elementor elementor-440\">\n\t\t\t\t\t\t\t\t\t<section class=\"elementor-section elementor-top-section elementor-element elementor-element-96ca40d elementor-section-boxed elementor-section-height-default elementor-section-height-default\" data-id=\"96ca40d\" data-element_type=\"section\">\n\t\t\t\t\t\t<div class=\"elementor-container elementor-column-gap-default\">\n\t\t\t\t\t<div class=\"elementor-column elementor-col-100 elementor-top-column elementor-element elementor-element-cad6b9b\" data-id=\"cad6b9b\" data-element_type=\"column\">\n\t\t\t<div class=\"elementor-widget-wrap\">\n\t\t\t\t\t\t\t\t\t<\/div>\n\t\t<\/div>\n\t\t\t\t\t\t\t<\/div>\n\t\t<\/section>\n\t\t\t\t<section class=\"elementor-section elementor-top-section elementor-element elementor-element-5222149 elementor-section-boxed elementor-section-height-default elementor-section-height-default\" data-id=\"5222149\" data-element_type=\"section\">\n\t\t\t\t\t\t<div class=\"elementor-container elementor-column-gap-default\">\n\t\t\t\t\t<div class=\"elementor-column elementor-col-50 elementor-top-column elementor-element elementor-element-4e634a0\" data-id=\"4e634a0\" data-element_type=\"column\">\n\t\t\t<div class=\"elementor-widget-wrap elementor-element-populated\">\n\t\t\t\t\t\t\t\t<div class=\"elementor-element elementor-element-2ff1b66 elementor-widget elementor-widget-image\" data-id=\"2ff1b66\" data-element_type=\"widget\" data-widget_type=\"image.default\">\n\t\t\t\t<div class=\"elementor-widget-container\">\n\t\t\t<style>\/*! elementor - v3.13.3 - 28-05-2023 *\/\n.elementor-widget-image{text-align:center}.elementor-widget-image a{display:inline-block}.elementor-widget-image a img[src$=\".svg\"]{width:48px}.elementor-widget-image img{vertical-align:middle;display:inline-block}<\/style>\t\t\t\t\t\t\t\t\t\t\t\t\t<a href=\"http:\/\/domekporeba.pl\">\n\t\t\t\t\t\t\t<img decoding=\"async\" width=\"150\" height=\"150\" src=\"https:\/\/www.domekporeba.pl\/wp-content\/uploads\/2023\/02\/logobeztla-150x150.png\" class=\"attachment-thumbnail size-thumbnail wp-image-115\" alt=\"\" loading=\"lazy\" srcset=\"https:\/\/www.domekporeba.pl\/wp-content\/uploads\/2023\/02\/logobeztla-150x150.png 150w, https:\/\/www.domekporeba.pl\/wp-content\/uploads\/2023\/02\/logobeztla-300x300.png 300w, https:\/\/www.domekporeba.pl\/wp-content\/uploads\/2023\/02\/elementor\/thumbs\/logobeztla-q1yb1no7cvpmu2fg8rqu6c2un4b76crpp6lx2fduy0.png 100w, https:\/\/www.domekporeba.pl\/wp-content\/uploads\/2023\/02\/logobeztla.png 500w\" sizes=\"(max-width: 150px) 100vw, 150px\" \/>\t\t\t\t\t\t\t\t<\/a>\n\t\t\t\t\t\t\t\t\t\t\t\t\t\t\t<\/div>\n\t\t\t\t<\/div>\n\t\t\t\t\t<\/div>\n\t\t<\/div>\n\t\t\t\t<div class=\"elementor-column elementor-col-50 elementor-top-column elementor-element elementor-element-705a6c2\" data-id=\"705a6c2\" data-element_type=\"column\">\n\t\t\t<div class=\"elementor-widget-wrap elementor-element-populated\">\n\t\t\t\t\t\t\t\t<div class=\"elementor-element elementor-element-de335d0 elementor-widget elementor-widget-heading\" data-id=\"de335d0\" data-element_type=\"widget\" data-widget_type=\"heading.default\">\n\t\t\t\t<div class=\"elementor-widget-container\">\n\t\t\t<style>\/*! elementor - v3.13.3 - 28-05-2023 *\/\n.elementor-heading-title{padding:0;margin:0;line-height:1}.elementor-widget-heading .elementor-heading-title[class*=elementor-size-]>a{color:inherit;font-size:inherit;line-height:inherit}.elementor-widget-heading .elementor-heading-title.elementor-size-small{font-size:15px}.elementor-widget-heading .elementor-heading-title.elementor-size-medium{font-size:19px}.elementor-widget-heading .elementor-heading-title.elementor-size-large{font-size:29px}.elementor-widget-heading .elementor-heading-title.elementor-size-xl{font-size:39px}.elementor-widget-heading .elementor-heading-title.elementor-size-xxl{font-size:59px}<\/style><h2 class=\"elementor-heading-title elementor-size-default\"><br><b>732 137 609<\/b><\/h2>\t\t<\/div>\n\t\t\t\t<\/div>\n\t\t\t\t\t<\/div>\n\t\t<\/div>\n\t\t\t\t\t\t\t<\/div>\n\t\t<\/section>\n\t\t\t\t<section class=\"elementor-section elementor-top-section elementor-element elementor-element-026bef5 elementor-section-boxed elementor-section-height-default elementor-section-height-default\" data-id=\"026bef5\" data-element_type=\"section\">\n\t\t\t\t\t\t<div class=\"elementor-container elementor-column-gap-default\">\n\t\t\t\t\t<div class=\"elementor-column elementor-col-100 elementor-top-column elementor-element elementor-element-de3cc0c\" data-id=\"de3cc0c\" data-element_type=\"column\">\n\t\t\t<div class=\"elementor-widget-wrap elementor-element-populated\">\n\t\t\t\t\t\t\t\t<div class=\"elementor-element elementor-element-be96683 elementor-widget elementor-widget-text-editor\" data-id=\"be96683\" data-element_type=\"widget\" data-widget_type=\"text-editor.default\">\n\t\t\t\t<div class=\"elementor-widget-container\">\n\t\t\t<style>\/*! elementor - v3.13.3 - 28-05-2023 *\/\n.elementor-widget-text-editor.elementor-drop-cap-view-stacked .elementor-drop-cap{background-color:#69727d;color:#fff}.elementor-widget-text-editor.elementor-drop-cap-view-framed .elementor-drop-cap{color:#69727d;border:3px solid;background-color:transparent}.elementor-widget-text-editor:not(.elementor-drop-cap-view-default) .elementor-drop-cap{margin-top:8px}.elementor-widget-text-editor:not(.elementor-drop-cap-view-default) .elementor-drop-cap-letter{width:1em;height:1em}.elementor-widget-text-editor .elementor-drop-cap{float:left;text-align:center;line-height:1;font-size:50px}.elementor-widget-text-editor .elementor-drop-cap-letter{display:inline-block}<\/style>\t\t\t\t<h2><span style=\"color: #339966;\"><b>Regulamin<\/b><\/span><\/h2>\t\t\t\t\t\t<\/div>\n\t\t\t\t<\/div>\n\t\t\t\t<div class=\"elementor-element elementor-element-7c15cca elementor-widget elementor-widget-text-editor\" data-id=\"7c15cca\" data-element_type=\"widget\" data-widget_type=\"text-editor.default\">\n\t\t\t\t<div class=\"elementor-widget-container\">\n\t\t\t\t\t\t\t<h2 style=\"box-sizing: inherit; clear: both; color: #1a1a1a; margin: 0px 0px 1.425rem; font-size: 48px; font-family: 'Cormorant Garamond'; font-weight: bold; line-height: inherit;\">Wprowadzenie<\/h2><p style=\"box-sizing: inherit; margin-bottom: 1.625em; margin-top: 0px; color: #5a5a5a; font-family: Jost; font-size: 18px;\">Aby Wasz czas sp\u0119dzony w Domku Por\u0119ba by\u0142 niezapomniany, bezpieczny, oraz nieinwazyjny dla otaczaj\u0105cej Domek natury, przygotowali\u015bmy dla Was ten kr\u00f3tki regulamin wynajmu.<\/p><h2 style=\"box-sizing: inherit; clear: both; color: #1a1a1a; margin: 0px 0px 1.425rem; font-size: 48px; font-family: 'Cormorant Garamond'; font-weight: bold; line-height: inherit;\">Przedmiot wynajmu<\/h2><p style=\"box-sizing: inherit; margin-bottom: 1.625em; margin-top: 0px; color: #5a5a5a; font-family: Jost; font-size: 18px;\">Przedmiotem wynajmu jest domek z drewna (dalej \u201eDomek Por\u0119ba\u201d) wraz z dzia\u0142k\u0105 pod adresem:<\/p><p style=\"box-sizing: inherit; margin-bottom: 1.625em; margin-top: 0px; color: #5a5a5a; font-family: Jost; font-size: 18px;\">Por\u0119ba 427<br style=\"box-sizing: inherit;\" \/>gm. Trzeme\u015bnia<br style=\"box-sizing: inherit;\" \/>Polska<\/p><h2 style=\"box-sizing: inherit; clear: both; color: #1a1a1a; margin: 0px 0px 1.425rem; font-size: 48px; font-family: 'Cormorant Garamond'; font-weight: bold; line-height: inherit;\">Kim jeste\u015bmy<\/h2><p style=\"box-sizing: inherit; margin-bottom: 1.625em; margin-top: 0px; color: #5a5a5a; font-family: Jost; font-size: 18px;\">W\u0142a\u015bcicielem marki Domek Por\u0119ba, oraz operatorem wynajmu, jest:<br style=\"box-sizing: inherit;\" \/>Rados\u0142aw Chmielewski<br style=\"box-sizing: inherit;\" \/>Por\u0119ba 427<br style=\"box-sizing: inherit;\" \/>32- Trzeme\u015bnia<\/p><p style=\"box-sizing: inherit; margin-bottom: 1.625em; margin-top: 0px; color: #5a5a5a; font-family: Jost; font-size: 18px;\"><span style=\"background-color: var(--wp--preset--color--base); color: #1a1a1a; font-family: 'Cormorant Garamond'; font-size: 48px; font-weight: bold;\">Rezerwacje<\/span><\/p><p style=\"box-sizing: inherit; margin-bottom: 1.625em; margin-top: 0px; color: #5a5a5a; font-family: Jost; font-size: 18px;\">Rezerwacje mog\u0105 by\u0107 dokonywane w ka\u017cdy z nast\u0119puj\u0105cych sposob\u00f3w:<\/p><ul style=\"padding-left: 1.225rem; margin: 0px 0px 1.625em; list-style: square; color: #5a5a5a; font-family: Jost; font-size: 18px;\"><li style=\"box-sizing: inherit;\">Poprzez stron\u0119 internetow\u0105 https:\/\/domekporeba.pl<\/li><li style=\"box-sizing: inherit; margin: 10px 0px 0px;\">Telefonicznie<\/li><li style=\"box-sizing: inherit; margin: 10px 0px 0px;\">Mailowo<\/li><li style=\"box-sizing: inherit; margin: 10px 0px 0px;\">Przez Facebooka<\/li><\/ul><p style=\"box-sizing: inherit; margin-bottom: 1.625em; margin-top: 0px; color: #5a5a5a; font-family: Jost; font-size: 18px;\">Rezerwacj\u0119 uznaje si\u0119 za wi\u0105\u017c\u0105c\u0105 gdy zmieni ona status na \u201epotwierdzony\u201d. Otrzymasz wtedy wiadomo\u015b\u0107 email zatytu\u0142owany\u00a0<em style=\"box-sizing: inherit;\">\u201ePakuj walizki! Twoja rezerwacja w Domek Por\u0119ba zosta\u0142a potwierdzona!\u201d<\/em>. Ka\u017cdy inny status nie uprawnia do skorzystania z wynajmu.<\/p><h2 style=\"box-sizing: inherit; clear: both; color: #1a1a1a; margin: 0px 0px 1.425rem; font-size: 48px; font-family: 'Cormorant Garamond'; font-weight: bold; line-height: inherit;\">P\u0142atno\u015b\u0107<\/h2><p style=\"box-sizing: inherit; margin-bottom: 1.625em; margin-top: 0px; color: #5a5a5a; font-family: Jost; font-size: 18px;\">Dokonanie p\u0142atno\u015bci ca\u0142kowitej kwoty za wynajem jest elementem koniecznym, aby rezerwacja by\u0142a wi\u0105\u017c\u0105ca.<\/p><p style=\"box-sizing: inherit; margin-bottom: 1.625em; margin-top: 0px; color: #5a5a5a; font-family: Jost; font-size: 18px;\">P\u0142atno\u015bci mo\u017cna dokona\u0107:<\/p><ul style=\"padding-left: 1.225rem; margin: 0px 0px 1.625em; list-style: square; color: #5a5a5a; font-family: Jost; font-size: 18px;\"><li style=\"box-sizing: inherit; margin: 10px 0px 0px;\">Przelewem bankowym wp\u0142acaj\u0105c nale\u017cno\u015b\u0107 na konto Wynajmuj\u0105cego:<br \/><ul style=\"padding-left: 2rem; margin: 10px 0px 0px; list-style: square;\"><li style=\"box-sizing: inherit;\">Rados\u0142aw Chmielewski<br style=\"box-sizing: inherit;\" \/>Nr konta:\u00a0<br style=\"box-sizing: inherit;\" \/>Podaj\u0105c w tytule przelewu\u00a0<em style=\"box-sizing: inherit;\">\u201eDomek Por\u0119ba\u201d<\/em>\u00a0wraz z numerem rezerwacji, np.\u00a0<em style=\"box-sizing: inherit;\">\u201eDomek Por\u0119ba 1234\u201d<\/em><\/li><li style=\"box-sizing: inherit; margin: 10px 0px 0px;\">Rezerwacja otrzyma status \u201epotwierdzonej\u201d\u00a0<span style=\"box-sizing: inherit; color: #1a1a1a; font-weight: bold; font-family: 'Cormorant Garamond'; letter-spacing: inherit; line-height: inherit;\">po zaksi\u0119gowaniu wp\u0142aty<\/span>\u00a0na naszym koncie.<\/li><li>Got\u00f3wk\u0105<\/li><\/ul><\/li><\/ul><h2 style=\"box-sizing: inherit; clear: both; color: #1a1a1a; margin: 0px 0px 1.425rem; font-size: 48px; font-family: 'Cormorant Garamond'; font-weight: bold; line-height: inherit;\">Doba wynajmu<\/h2><p style=\"box-sizing: inherit; margin-bottom: 1.625em; margin-top: 0px; color: #5a5a5a; font-family: Jost; font-size: 18px;\">Doba wynajmu rozpoczyna si\u0119 od godz. 13:00, a ko\u0144czy o godz. 10:00.<\/p><h2 style=\"box-sizing: inherit; clear: both; color: #1a1a1a; margin: 0px 0px 1.425rem; font-size: 48px; font-family: 'Cormorant Garamond'; font-weight: bold; line-height: inherit;\">Zakwaterowanie<\/h2><h3 style=\"box-sizing: inherit; clear: both; color: #1a1a1a; margin: 0px 0px 1.425rem; font-size: 36px; font-family: 'Cormorant Garamond'; font-weight: bold; line-height: inherit;\">Godzina<\/h3><p style=\"box-sizing: inherit; margin-bottom: 1.625em; margin-top: 0px; color: #5a5a5a; font-family: Jost; font-size: 18px;\">Doba wynajmu rozpoczyna si\u0119 od godz. 13:00. W domku mo\u017cesz zjawi\u0107 si\u0119 o dowolnym czasie po tej godzinie.<\/p><h3 style=\"box-sizing: inherit; clear: both; color: #1a1a1a; margin: 0px 0px 1.425rem; font-size: 36px; font-family: 'Cormorant Garamond'; font-weight: bold; line-height: inherit;\">Sejf<\/h3><p style=\"box-sizing: inherit; margin-bottom: 1.625em; margin-top: 0px; color: #5a5a5a; font-family: Jost; font-size: 18px;\">W Domku Por\u0119ba obowi\u0105zuje self-check-in przy u\u017cyciu sejfu na klucze.<\/p><p style=\"box-sizing: inherit; margin-bottom: 1.625em; margin-top: 0px; color: #5a5a5a; font-family: Jost; font-size: 18px;\">Tu\u017c przed rozpocz\u0119ciem Twojej pierwszej doby wynajmu otrzymasz od nas kod do sejfu znajduj\u0105cego si\u0119 na bramie dzia\u0142ki.<\/p><p style=\"box-sizing: inherit; margin-bottom: 1.625em; margin-top: 0px; color: #5a5a5a; font-family: Jost; font-size: 18px;\">Aby otworzy\u0107 sejf, wprowad\u017a kolejne cyfry kodu, a nast\u0119pnie przekr\u0119\u0107 pokr\u0119t\u0142o sejfu w prawo. W \u015brodku znajdziesz klucze, kt\u00f3rymi otworzysz domek.<\/p><h3 style=\"box-sizing: inherit; clear: both; color: #1a1a1a; margin: 0px 0px 1.425rem; font-size: 36px; font-family: 'Cormorant Garamond'; font-weight: bold; line-height: inherit;\">Stan domku<\/h3><p style=\"box-sizing: inherit; margin-bottom: 1.625em; margin-top: 0px; color: #5a5a5a; font-family: Jost; font-size: 18px;\">Je\u017celi po wej\u015bciu do domku odnotujesz jakiekolwiek usterki b\u0105d\u017a zniszczenia, poinformuj nas o tym niezw\u0142ocznie.<\/p><h3 style=\"box-sizing: inherit; clear: both; color: #1a1a1a; margin: 0px 0px 1.425rem; font-size: 36px; font-family: 'Cormorant Garamond'; font-weight: bold; line-height: inherit;\">Buty<\/h3><p style=\"box-sizing: inherit; margin-bottom: 1.625em; margin-top: 0px; color: #5a5a5a; font-family: Jost; font-size: 18px;\">Bardzo prosimy o niechodzenie po domku w butach, w kt\u00f3rych chodzicie na zewn\u0105trz. Zar\u00f3wno domkowi jak i Wam z pewno\u015bci\u0105 wyjdzie to na zdrowie.<\/p><h2 style=\"box-sizing: inherit; clear: both; color: #1a1a1a; margin: 0px 0px 1.425rem; font-size: 48px; font-family: 'Cormorant Garamond'; font-weight: bold; line-height: inherit;\">Wykwaterowanie<\/h2><h3 style=\"box-sizing: inherit; clear: both; color: #1a1a1a; margin: 0px 0px 1.425rem; font-size: 36px; font-family: 'Cormorant Garamond'; font-weight: bold; line-height: inherit;\">Godzina<\/h3><p style=\"box-sizing: inherit; margin-bottom: 1.625em; margin-top: 0px; color: #5a5a5a; font-family: Jost; font-size: 18px;\">Domek nale\u017cy opu\u015bci\u0107 do godz. 10:00 ostatniej doby wynajmu.<\/p><h3 style=\"box-sizing: inherit; clear: both; color: #1a1a1a; margin: 0px 0px 1.425rem; font-size: 36px; font-family: 'Cormorant Garamond'; font-weight: bold; line-height: inherit;\">Sejf i klucze<\/h3><p style=\"box-sizing: inherit; margin-bottom: 1.625em; margin-top: 0px; color: #5a5a5a; font-family: Jost; font-size: 18px;\">Ostatniej doby, podczas wykwaterowania, nale\u017cy zamkn\u0105\u0107 domek kluczami oraz zamkn\u0105\u0107 je w sejfie. Sejf zamyka si\u0119 przekr\u0119caj\u0105c pokr\u0119t\u0142o sejfu w lewo.<\/p><h3 style=\"box-sizing: inherit; clear: both; color: #1a1a1a; margin: 0px 0px 1.425rem; font-size: 36px; font-family: 'Cormorant Garamond'; font-weight: bold; line-height: inherit;\">Co nale\u017cy zrobi\u0107 przy wykwaterowaniu<\/h3><ol style=\"margin: 0px 0px 1.625em; padding-left: 1.225rem; color: #5a5a5a; font-family: Jost; font-size: 18px;\"><li style=\"box-sizing: inherit;\">Zamkn\u0105\u0107 wszystkie okna<\/li><li style=\"box-sizing: inherit; margin: 10px 0px 0px;\">Wy\u0142\u0105czy\u0107 urz\u0105dzenia elektroniczne<\/li><li style=\"box-sizing: inherit; margin: 10px 0px 0px;\">Zakr\u0119ci\u0107 wod\u0119 w kranach \/ pod prysznicem<\/li><li style=\"box-sizing: inherit; margin: 10px 0px 0px;\">Wyrzuci\u0107 \u015bmieci<\/li><li style=\"box-sizing: inherit; margin: 10px 0px 0px;\">Zamkn\u0105\u0107 domek na klucz<\/li><li style=\"box-sizing: inherit; margin: 10px 0px 0px;\">Zamkn\u0105\u0107 klucze w sejfie<\/li><\/ol><h2 style=\"box-sizing: inherit; clear: both; color: #1a1a1a; margin: 0px 0px 1.425rem; font-size: 48px; font-family: 'Cormorant Garamond'; font-weight: bold; line-height: inherit;\">Kaucja i zniszczenia<\/h2><p style=\"box-sizing: inherit; margin-bottom: 1.625em; margin-top: 0px; color: #5a5a5a; font-family: Jost; font-size: 18px;\">Obowi\u0105zuje kaucja w wysoko\u015bci 500 PLN za ca\u0142y pobyt, kt\u00f3ra jest zwracana w do 3 dni od wykwaterowania.<\/p><p style=\"box-sizing: inherit; margin-bottom: 1.625em; margin-top: 0px; color: #5a5a5a; font-family: Jost; font-size: 18px;\">Za zniszczenia, jakie nast\u0105pi\u0142y podczas pobytu Najemcy w Domku oraz na terenie dzia\u0142ki odpowiedzialno\u015b\u0107 ponosi Najemca pokrywaj\u0105c koszty naprawy zniszczonych urz\u0105dze\u0144 lub wyposa\u017cenia. Je\u017celi warto\u015b\u0107 szkody przekracza wysoko\u015b\u0107 kaucji, najemca zobowi\u0105zuje si\u0119 do pokrycia szkody w pe\u0142nym wymiarze koszt\u00f3w jej usuni\u0119cia, w dniu zwrotu domku.<\/p><h2 style=\"box-sizing: inherit; clear: both; color: #1a1a1a; margin: 0px 0px 1.425rem; font-size: 48px; font-family: 'Cormorant Garamond'; font-weight: bold; line-height: inherit;\">Zwierz\u0119ta<\/h2><p style=\"box-sizing: inherit; margin-bottom: 1.625em; margin-top: 0px; color: #5a5a5a; font-family: Jost; font-size: 18px;\">Kochamy je, zatem nie widzimy przeszk\u00f3d, \u017ceby\u015bcie zabierali je ze sob\u0105 do Domku Por\u0119ba. Prosimy tylko o utrzymanie porz\u0105dku i zbieranie odchod\u00f3w.<\/p><h2 style=\"box-sizing: inherit; clear: both; color: #1a1a1a; margin: 0px 0px 1.425rem; font-size: 48px; font-family: 'Cormorant Garamond'; font-weight: bold; line-height: inherit;\"><span style=\"background-color: var(--wp--preset--color--base);\">Cisza nocna<\/span><\/h2><p style=\"box-sizing: inherit; margin-bottom: 1.625em; margin-top: 0px; color: #5a5a5a; font-family: Jost; font-size: 18px;\">Na terenie Domku oraz dzia\u0142ki obowi\u0105zuje cisza nocna w godzinach 23:00-07:00.<\/p><h2 style=\"box-sizing: inherit; clear: both; color: #1a1a1a; margin: 0px 0px 1.425rem; font-size: 48px; font-family: 'Cormorant Garamond'; font-weight: bold; line-height: inherit;\">Z kim dzielimy si\u0119 danymi<\/h2><p style=\"box-sizing: inherit; margin-bottom: 1.625em; margin-top: 0px; color: #5a5a5a; font-family: Jost; font-size: 18px;\">Twoje dane przechowywane s\u0105 jedynie do cel\u00f3w realizacji wynajmu. Nie wysy\u0142amy tre\u015bci marketingowych (dop\u00f3ki jasno o nie nie poprosisz zapisuj\u0105c si\u0119 do newslettera), ani nie udost\u0119pniamy ich firmom zewn\u0119trznym.<\/p><h2 style=\"box-sizing: inherit; clear: both; color: #1a1a1a; margin: 0px 0px 1.425rem; font-size: 48px; font-family: 'Cormorant Garamond'; font-weight: bold; line-height: inherit;\">Pozosta\u0142a tre\u015b\u0107 regulaminu<\/h2><ol style=\"margin: 0px 0px 1.625em; padding-left: 1.225rem; color: #5a5a5a; font-family: Jost; font-size: 18px;\"><li style=\"box-sizing: inherit;\">Najemca zobowi\u0105zany jest u\u017cywa\u0107 Domku zgodnie z jego w\u0142a\u015bciwo\u015bciami i przeznaczeniem.<\/li><li style=\"box-sizing: inherit; margin: 10px 0px 0px;\">Stan techniczny urz\u0105dze\u0144 i wyposa\u017cenia oraz estetyka pomieszcze\u0144 domku i jego otoczenia, nie mog\u0105 by\u0107, w dniu wykwaterowania, w stanie pogorszonym w stosunku do stanu, w jakim by\u0142 Domek przekazany Najemcy. Za zniszczenia, jakie nast\u0105pi\u0142y podczas pobytu Najemcy w Domku oraz na terenie dzia\u0142ki odpowiedzialno\u015b\u0107 ponosi Najemca pokrywaj\u0105c koszty naprawy zniszczonych urz\u0105dze\u0144 lub wyposa\u017cenia. Najemca zobowi\u0105zuje si\u0119 do pokrycia szkody w pe\u0142nym wymiarze koszt\u00f3w jej usuni\u0119cia, w dniu zwrotu domku.<\/li><li style=\"box-sizing: inherit; margin: 10px 0px 0px;\">W domku oraz na terenie dzia\u0142ki w ka\u017cdym momencie mo\u017ce przebywa\u0107 maksymalnie 7 os\u00f3b.<\/li><li style=\"box-sizing: inherit; margin: 10px 0px 0px;\">Wynajmuj\u0105cy zobowi\u0105zuje si\u0119 do przestrzegania porz\u0105dku i przepis\u00f3w BHP w domku i jego okolicy w celu zapewnienia bezpiecze\u0144stwa po\u017carowego, za nieprzestrzeganie przepis\u00f3w p.po\u017c., odpowiedzialno\u015b\u0107 w pe\u0142ni ponosi Najemca.<\/li><li style=\"box-sizing: inherit; margin: 10px 0px 0px;\">Na terenie obiektu obowi\u0105zuje bezwzgl\u0119dny zakaz u\u017cywania petard, fajerwerk\u00f3w, sztucznych ogni itp.<\/li><li style=\"box-sizing: inherit; margin: 10px 0px 0px;\">Palenie tytoniu mo\u017ce si\u0119 odbywa\u0107 wy\u0142\u0105cznie poza pomieszczeniami Domku.<\/li><li style=\"box-sizing: inherit; margin: 10px 0px 0px;\">Wynajmuj\u0105cy nie mo\u017ce odst\u0119powa\u0107 Domku osobom trzecim.<\/li><li style=\"box-sizing: inherit; margin: 10px 0px 0px;\">Najemca zobowi\u0105zuje do terminowego oddania Domku okre\u015blonego w umowie, jako ostatni dzie\u0144 pobytu, a tak\u017ce do uiszczenia op\u0142aty za wynajem.<\/li><li style=\"box-sizing: inherit; margin: 10px 0px 0px;\">W sprawach nieuregulowanych w niniejszym Regulaminie zastosowanie maj\u0105 odpowiednio przepisy Kodeksu Cywilnego.\u00a0<\/li><\/ol>\t\t\t\t\t\t<\/div>\n\t\t\t\t<\/div>\n\t\t\t\t\t<\/div>\n\t\t<\/div>\n\t\t\t\t\t\t\t<\/div>\n\t\t<\/section>\n\t\t\t\t<section class=\"elementor-section elementor-top-section elementor-element elementor-element-e6aeebe elementor-section-boxed elementor-section-height-default elementor-section-height-default\" data-id=\"e6aeebe\" data-element_type=\"section\">\n\t\t\t\t\t\t<div class=\"elementor-container elementor-column-gap-default\">\n\t\t\t\t\t<div class=\"elementor-column elementor-col-100 elementor-top-column elementor-element elementor-element-4d5f0c3\" data-id=\"4d5f0c3\" data-element_type=\"column\">\n\t\t\t<div class=\"elementor-widget-wrap\">\n\t\t\t\t\t\t\t\t\t<\/div>\n\t\t<\/div>\n\t\t\t\t\t\t\t<\/div>\n\t\t<\/section>\n\t\t\t\t<section class=\"elementor-section elementor-top-section elementor-element elementor-element-baa2812 elementor-section-boxed elementor-section-height-default elementor-section-height-default\" data-id=\"baa2812\" data-element_type=\"section\" data-settings=\"{&quot;shape_divider_bottom&quot;:&quot;mountains&quot;}\">\n\t\t\t\t\t<div class=\"elementor-shape elementor-shape-bottom\" data-negative=\"false\">\n\t\t\t<svg xmlns=\"http:\/\/www.w3.org\/2000\/svg\" viewBox=\"0 0 1000 100\" preserveAspectRatio=\"none\">\n\t<path class=\"elementor-shape-fill\" opacity=\"0.33\" d=\"M473,67.3c-203.9,88.3-263.1-34-320.3,0C66,119.1,0,59.7,0,59.7V0h1000v59.7 c0,0-62.1,26.1-94.9,29.3c-32.8,3.3-62.8-12.3-75.8-22.1C806,49.6,745.3,8.7,694.9,4.7S492.4,59,473,67.3z\"\/>\n\t<path class=\"elementor-shape-fill\" opacity=\"0.66\" d=\"M734,67.3c-45.5,0-77.2-23.2-129.1-39.1c-28.6-8.7-150.3-10.1-254,39.1 s-91.7-34.4-149.2,0C115.7,118.3,0,39.8,0,39.8V0h1000v36.5c0,0-28.2-18.5-92.1-18.5C810.2,18.1,775.7,67.3,734,67.3z\"\/>\n\t<path class=\"elementor-shape-fill\" d=\"M766.1,28.9c-200-57.5-266,65.5-395.1,19.5C242,1.8,242,5.4,184.8,20.6C128,35.8,132.3,44.9,89.9,52.5C28.6,63.7,0,0,0,0 h1000c0,0-9.9,40.9-83.6,48.1S829.6,47,766.1,28.9z\"\/>\n<\/svg>\t\t<\/div>\n\t\t\t\t\t<div class=\"elementor-container elementor-column-gap-default\">\n\t\t\t\t\t<div class=\"elementor-column elementor-col-100 elementor-top-column elementor-element elementor-element-065fcc6\" data-id=\"065fcc6\" data-element_type=\"column\">\n\t\t\t<div class=\"elementor-widget-wrap elementor-element-populated\">\n\t\t\t\t\t\t\t\t<div class=\"elementor-element elementor-element-051fcf7 elementor-widget elementor-widget-image\" data-id=\"051fcf7\" data-element_type=\"widget\" data-widget_type=\"image.default\">\n\t\t\t\t<div class=\"elementor-widget-container\">\n\t\t\t\t\t\t\t\t\t\t\t\t\t\t\t<img decoding=\"async\" width=\"150\" height=\"150\" src=\"https:\/\/www.domekporeba.pl\/wp-content\/uploads\/2023\/02\/logobeztla-150x150.png\" class=\"attachment-thumbnail size-thumbnail wp-image-115\" alt=\"\" loading=\"lazy\" srcset=\"https:\/\/www.domekporeba.pl\/wp-content\/uploads\/2023\/02\/logobeztla-150x150.png 150w, https:\/\/www.domekporeba.pl\/wp-content\/uploads\/2023\/02\/logobeztla-300x300.png 300w, https:\/\/www.domekporeba.pl\/wp-content\/uploads\/2023\/02\/elementor\/thumbs\/logobeztla-q1yb1no7cvpmu2fg8rqu6c2un4b76crpp6lx2fduy0.png 100w, https:\/\/www.domekporeba.pl\/wp-content\/uploads\/2023\/02\/logobeztla.png 500w\" sizes=\"(max-width: 150px) 100vw, 150px\" \/>\t\t\t\t\t\t\t\t\t\t\t\t\t\t\t<\/div>\n\t\t\t\t<\/div>\n\t\t\t\t\t<\/div>\n\t\t<\/div>\n\t\t\t\t\t\t\t<\/div>\n\t\t<\/section>\n\t\t\t\t\t\t\t<\/div>\n\t\t","protected":false},"excerpt":{"rendered":"<p>732 137 609 Regulamin Wprowadzenie Aby Wasz czas sp\u0119dzony w Domku Por\u0119ba by\u0142 niezapomniany, bezpieczny, oraz nieinwazyjny dla otaczaj\u0105cej Domek natury, przygotowali\u015bmy dla Was ten kr\u00f3tki regulamin wynajmu. Przedmiot wynajmu Przedmiotem wynajmu jest domek z drewna (dalej \u201eDomek Por\u0119ba\u201d) wraz z dzia\u0142k\u0105 pod adresem: Por\u0119ba 427gm. Trzeme\u015bniaPolska Kim jeste\u015bmy W\u0142a\u015bcicielem marki Domek Por\u0119ba, oraz operatorem [&hellip;]<\/p>\n","protected":false},"author":1,"featured_media":0,"parent":0,"menu_order":0,"comment_status":"closed","ping_status":"closed","template":"","meta":[],"_links":{"self":[{"href":"https:\/\/www.domekporeba.pl\/index.php\/wp-json\/wp\/v2\/pages\/440"}],"collection":[{"href":"https:\/\/www.domekporeba.pl\/index.php\/wp-json\/wp\/v2\/pages"}],"about":[{"href":"https:\/\/www.domekporeba.pl\/index.php\/wp-json\/wp\/v2\/types\/page"}],"author":[{"embeddable":true,"href":"https:\/\/www.domekporeba.pl\/index.php\/wp-json\/wp\/v2\/users\/1"}],"replies":[{"embeddable":true,"href":"https:\/\/www.domekporeba.pl\/index.php\/wp-json\/wp\/v2\/comments?post=440"}],"version-history":[{"count":29,"href":"https:\/\/www.domekporeba.pl\/index.php\/wp-json\/wp\/v2\/pages\/440\/revisions"}],"predecessor-version":[{"id":482,"href":"https:\/\/www.domekporeba.pl\/index.php\/wp-json\/wp\/v2\/pages\/440\/revisions\/482"}],"wp:attachment":[{"href":"https:\/\/www.domekporeba.pl\/index.php\/wp-json\/wp\/v2\/media?parent=440"}],"curies":[{"name":"wp","href":"https:\/\/api.w.org\/{rel}","templated":true}]}}